{"id":276,"date":"2016-05-22T18:55:47","date_gmt":"2016-05-22T17:55:47","guid":{"rendered":"http:\/\/victor-sasportas.com\/?page_id=276"},"modified":"2025-01-25T22:24:55","modified_gmt":"2025-01-25T21:24:55","slug":"biographie","status":"publish","type":"page","link":"https:\/\/victor-sasportas.com\/index.php\/biographie\/","title":{"rendered":"Biographie"},"content":{"rendered":"<p><img loading=\"lazy\" decoding=\"async\" class=\"alignleft wp-image-281 size-full\" src=\"https:\/\/victor-sasportas.com\/wp-content\/uploads\/2016\/05\/victor.jpg\" alt=\"\" width=\"152\" height=\"152\" srcset=\"https:\/\/victor-sasportas.com\/wp-content\/uploads\/2016\/05\/victor.jpg 152w, https:\/\/victor-sasportas.com\/wp-content\/uploads\/2016\/05\/victor-150x150.jpg 150w\" sizes=\"auto, (max-width: 152px) 100vw, 152px\" \/><\/p>\n<p><span style=\"color: #008080;\"><em><strong>&#8220;Toute ma vie, j&#8217;ai eu besoin de penser peinture, de voir des tableaux, de faire de la peinture pour m&#8217;aider \u00e0 vivre, pour me lib\u00e9rer de mes impressions, de toutes les sensations, de toutes les inqui\u00e9tudes auxquelles je n&#8217;ai trouv\u00e9 d&#8217;autre issue que la peinture.&#8221;<\/strong><\/em><\/span><br \/>\n<span style=\"color: #008080;\"><em><strong>Nicolas de Sta\u00ebl<\/strong><\/em><\/span><\/p>\n<p><span style=\"color: #000080;\">N\u00e9 dans la charmante cit\u00e9 fortifi\u00e9e du sud du Maroc, qui deviendra plus tard Essaouira, Victor Sasportas est profond\u00e9ment marqu\u00e9 par ses souvenirs d&#8217;enfance, pass\u00e9e sur les bords de l&#8217;Atlantique. Il n&#8217;y a qu&#8217;\u00e0 voir son visage s&#8217;illuminer lorsqu&#8217;on lui parle de Mogador!<\/span><\/p>\n<p><span style=\"color: #000080;\"><em>&#8220;Dans tout ce que je peins, Mogador est pr\u00e9sente!&#8221;<\/em><\/span><\/p>\n<p><span style=\"color: #000080;\">C&#8217;est l\u00e0-bas, face \u00e0 l&#8217;oc\u00e9an qu&#8217;il manie pour la premi\u00e8re fois le pinceau. Ce lieu le touche, l&#8217;inspire. Ce flot d&#8217;images et de sensations ne le quittera jamais.<\/span><\/p>\n<p><span style=\"color: #000080;\"><em>&#8220;Mon cartable \u00e9tait rempli de crayons. Je dessinais des paysages de bleu, de blanc et d&#8217;ocre&#8221;<\/em>, se souvient-il.<\/span><\/p>\n<p><span style=\"color: #000080;\">Plus tard, apr\u00e8s un passage \u00e0 Toulouse, Victor s&#8217;installe \u00e0 Paris, en 1968. Il est spectateur des \u00e9v\u00e9nements de mai depuis sa chambre de bonne du quartier latin, am\u00e9nag\u00e9e en petit atelier.<\/span><\/p>\n<p><span style=\"color: #000080;\"><strong>Le temps retrouv\u00e9<\/strong><\/span><\/p>\n<p><span style=\"color: #000080;\">Ses premi\u00e8res \u0153uvres sont toujours l\u00e0. Elles ont trouv\u00e9 l&#8217;\u00e9crin du petit salon-biblioth\u00e8que de la maison de Vanves, o\u00f9 il s&#8217;est install\u00e9 avec sa petite famille il y a maintenant plus de vingt ans. Dans une maison qu&#8217;il a lui-m\u00eame fa\u00e7onn\u00e9e.<\/span><\/p>\n<p><span style=\"color: #000080;\">Depuis quinze ans, il y passe le plus clair de son temps consacr\u00e9 \u00e0 la peinture. Avant cela, il n&#8217;avait quasiment pas touch\u00e9 un pinceau pendant quarante ans d&#8217;une vie active intense. Dor\u00e9navant, l&#8217;artiste se lib\u00e8re du temps pour ce et ceux qu&#8217;il aime: sa famille, la peinture, l&#8217;art, les antiquit\u00e9s, les voyages&#8230;<\/span><\/p>\n<p><span style=\"color: #000080;\"><strong>Le temps des galeries<\/strong><\/span><\/p>\n<p><span style=\"color: #000080;\">Fascin\u00e9 par Manet, Courbet mais aussi par Nicolas de Sta\u00ebl, Klee&#8230; Victor Sasportas se d\u00e9finit comme un <em>&#8220;classique contemporain, un touche-\u00e0-tout&#8221;<\/em>.<\/span><\/p>\n<p><span style=\"color: #000080;\">Formes abstraites, paysages pittoresques, compositions florales, etc. Il peint <em>&#8220;comme \u00e7a vient&#8221;<\/em>, au gr\u00e9 de ses envies et sans autre style que le sien.<\/span><\/p>\n<p><span style=\"color: #000080;\"><em>&#8220;J&#8217;aime voir, observer, capter, d\u00e9crypter, d\u00e9coder, et reproduire ce qui me passe par la t\u00eate!&#8221;<\/em><\/span><\/p>\n<p><span style=\"color: #000080;\">Il aime apprendre aussi. C&#8217;est ce qui l&#8217;a amen\u00e9 \u00e0 participer \u00e0 plusieurs ateliers, quelques expositions, et \u00e0 pousser la porte des Beaux Arts, le temps de r\u00e9aliser quelques croquis.<\/span><\/p>\n<p><span style=\"color: #000080;\">Fin 2008, il a \u00e9t\u00e9 invit\u00e9 dans deux Salons prestigieux, au Grand Palais et au Carrousel du Louvre. Une exp\u00e9rience stimulante, qui depuis, l&#8217;a amen\u00e9 sur de nombreux autres salons.<\/span><\/p>\n","protected":false},"excerpt":{"rendered":"<p>&#8220;Toute ma vie, j&#8217;ai eu besoin de penser peinture, de voir des tableaux, de faire de la peinture pour m&#8217;aider \u00e0 vivre, pour me lib\u00e9rer de mes impressions, de toutes les sensations, de toutes les inqui\u00e9tudes auxquelles je n&#8217;ai trouv\u00e9 d&#8217;autre issue que la peinture.&#8221; Nicolas de Sta\u00ebl N\u00e9 dans la charmante cit\u00e9 fortifi\u00e9e du&hellip;<\/p>\n","protected":false},"author":1,"featured_media":0,"parent":0,"menu_order":0,"comment_status":"closed","ping_status":"closed","template":"","meta":{"_exactmetrics_skip_tracking":false,"_exactmetrics_sitenote_active":false,"_exactmetrics_sitenote_note":"","_exactmetrics_sitenote_category":0,"footnotes":""},"class_list":["post-276","page","type-page","status-publish","hentry"],"yoast_head":"<!-- This site is optimized with the Yoast SEO plugin v27.6 - https:\/\/yoast.com\/product\/yoast-seo-wordpress\/ -->\n<title>Biographie - VICTOR SASPORTAS<\/title>\n<meta name=\"robots\" content=\"index, follow, max-snippet:-1, max-image-preview:large, max-video-preview:-1\" \/>\n<link rel=\"canonical\" href=\"http:\/\/victor-sasportas.com\/index.php\/biographie\/\" \/>\n<meta property=\"og:locale\" content=\"en_US\" \/>\n<meta property=\"og:type\" content=\"article\" \/>\n<meta property=\"og:title\" content=\"Biographie - VICTOR SASPORTAS\" \/>\n<meta property=\"og:description\" content=\"&#8220;Toute ma vie, j&#8217;ai eu besoin de penser peinture, de voir des tableaux, de faire de la peinture pour m&#8217;aider \u00e0 vivre, pour me lib\u00e9rer de mes impressions, de toutes les sensations, de toutes les inqui\u00e9tudes auxquelles je n&#8217;ai trouv\u00e9 d&#8217;autre issue que la peinture.&#8221; Nicolas de Sta\u00ebl N\u00e9 dans la charmante cit\u00e9 fortifi\u00e9e du&hellip;\" \/>\n<meta property=\"og:url\" content=\"http:\/\/victor-sasportas.com\/index.php\/biographie\/\" \/>\n<meta property=\"og:site_name\" content=\"VICTOR SASPORTAS\" \/>\n<meta property=\"article:modified_time\" content=\"2025-01-25T21:24:55+00:00\" \/>\n<meta property=\"og:image\" content=\"https:\/\/victor-sasportas.com\/wp-content\/uploads\/2016\/05\/victor.jpg\" \/>\n<meta name=\"twitter:card\" content=\"summary_large_image\" \/>\n<meta name=\"twitter:label1\" content=\"Est. reading time\" \/>\n\t<meta name=\"twitter:data1\" content=\"2 minutes\" \/>\n<script type=\"application\/ld+json\" class=\"yoast-schema-graph\">{\"@context\":\"https:\\\/\\\/schema.org\",\"@graph\":[{\"@type\":\"WebPage\",\"@id\":\"http:\\\/\\\/victor-sasportas.com\\\/index.php\\\/biographie\\\/\",\"url\":\"http:\\\/\\\/victor-sasportas.com\\\/index.php\\\/biographie\\\/\",\"name\":\"Biographie - VICTOR SASPORTAS\",\"isPartOf\":{\"@id\":\"https:\\\/\\\/victor-sasportas.com\\\/#website\"},\"primaryImageOfPage\":{\"@id\":\"http:\\\/\\\/victor-sasportas.com\\\/index.php\\\/biographie\\\/#primaryimage\"},\"image\":{\"@id\":\"http:\\\/\\\/victor-sasportas.com\\\/index.php\\\/biographie\\\/#primaryimage\"},\"thumbnailUrl\":\"https:\\\/\\\/victor-sasportas.com\\\/wp-content\\\/uploads\\\/2016\\\/05\\\/victor.jpg\",\"datePublished\":\"2016-05-22T17:55:47+00:00\",\"dateModified\":\"2025-01-25T21:24:55+00:00\",\"breadcrumb\":{\"@id\":\"http:\\\/\\\/victor-sasportas.com\\\/index.php\\\/biographie\\\/#breadcrumb\"},\"inLanguage\":\"en-US\",\"potentialAction\":[{\"@type\":\"ReadAction\",\"target\":[\"http:\\\/\\\/victor-sasportas.com\\\/index.php\\\/biographie\\\/\"]}]},{\"@type\":\"ImageObject\",\"inLanguage\":\"en-US\",\"@id\":\"http:\\\/\\\/victor-sasportas.com\\\/index.php\\\/biographie\\\/#primaryimage\",\"url\":\"https:\\\/\\\/victor-sasportas.com\\\/wp-content\\\/uploads\\\/2016\\\/05\\\/victor.jpg\",\"contentUrl\":\"https:\\\/\\\/victor-sasportas.com\\\/wp-content\\\/uploads\\\/2016\\\/05\\\/victor.jpg\",\"width\":152,\"height\":152},{\"@type\":\"BreadcrumbList\",\"@id\":\"http:\\\/\\\/victor-sasportas.com\\\/index.php\\\/biographie\\\/#breadcrumb\",\"itemListElement\":[{\"@type\":\"ListItem\",\"position\":1,\"name\":\"Home\",\"item\":\"https:\\\/\\\/victor-sasportas.com\\\/\"},{\"@type\":\"ListItem\",\"position\":2,\"name\":\"Biographie\"}]},{\"@type\":\"WebSite\",\"@id\":\"https:\\\/\\\/victor-sasportas.com\\\/#website\",\"url\":\"https:\\\/\\\/victor-sasportas.com\\\/\",\"name\":\"VICTOR SASPORTAS\",\"description\":\"Artiste Peintre Contemporain\",\"potentialAction\":[{\"@type\":\"SearchAction\",\"target\":{\"@type\":\"EntryPoint\",\"urlTemplate\":\"https:\\\/\\\/victor-sasportas.com\\\/?s={search_term_string}\"},\"query-input\":{\"@type\":\"PropertyValueSpecification\",\"valueRequired\":true,\"valueName\":\"search_term_string\"}}],\"inLanguage\":\"en-US\"}]}<\/script>\n<!-- \/ Yoast SEO plugin. -->","yoast_head_json":{"title":"Biographie - VICTOR SASPORTAS","robots":{"index":"index","follow":"follow","max-snippet":"max-snippet:-1","max-image-preview":"max-image-preview:large","max-video-preview":"max-video-preview:-1"},"canonical":"http:\/\/victor-sasportas.com\/index.php\/biographie\/","og_locale":"en_US","og_type":"article","og_title":"Biographie - VICTOR SASPORTAS","og_description":"&#8220;Toute ma vie, j&#8217;ai eu besoin de penser peinture, de voir des tableaux, de faire de la peinture pour m&#8217;aider \u00e0 vivre, pour me lib\u00e9rer de mes impressions, de toutes les sensations, de toutes les inqui\u00e9tudes auxquelles je n&#8217;ai trouv\u00e9 d&#8217;autre issue que la peinture.&#8221; Nicolas de Sta\u00ebl N\u00e9 dans la charmante cit\u00e9 fortifi\u00e9e du&hellip;","og_url":"http:\/\/victor-sasportas.com\/index.php\/biographie\/","og_site_name":"VICTOR SASPORTAS","article_modified_time":"2025-01-25T21:24:55+00:00","og_image":[{"url":"https:\/\/victor-sasportas.com\/wp-content\/uploads\/2016\/05\/victor.jpg","type":"","width":"","height":""}],"twitter_card":"summary_large_image","twitter_misc":{"Est. reading time":"2 minutes"},"schema":{"@context":"https:\/\/schema.org","@graph":[{"@type":"WebPage","@id":"http:\/\/victor-sasportas.com\/index.php\/biographie\/","url":"http:\/\/victor-sasportas.com\/index.php\/biographie\/","name":"Biographie - VICTOR SASPORTAS","isPartOf":{"@id":"https:\/\/victor-sasportas.com\/#website"},"primaryImageOfPage":{"@id":"http:\/\/victor-sasportas.com\/index.php\/biographie\/#primaryimage"},"image":{"@id":"http:\/\/victor-sasportas.com\/index.php\/biographie\/#primaryimage"},"thumbnailUrl":"https:\/\/victor-sasportas.com\/wp-content\/uploads\/2016\/05\/victor.jpg","datePublished":"2016-05-22T17:55:47+00:00","dateModified":"2025-01-25T21:24:55+00:00","breadcrumb":{"@id":"http:\/\/victor-sasportas.com\/index.php\/biographie\/#breadcrumb"},"inLanguage":"en-US","potentialAction":[{"@type":"ReadAction","target":["http:\/\/victor-sasportas.com\/index.php\/biographie\/"]}]},{"@type":"ImageObject","inLanguage":"en-US","@id":"http:\/\/victor-sasportas.com\/index.php\/biographie\/#primaryimage","url":"https:\/\/victor-sasportas.com\/wp-content\/uploads\/2016\/05\/victor.jpg","contentUrl":"https:\/\/victor-sasportas.com\/wp-content\/uploads\/2016\/05\/victor.jpg","width":152,"height":152},{"@type":"BreadcrumbList","@id":"http:\/\/victor-sasportas.com\/index.php\/biographie\/#breadcrumb","itemListElement":[{"@type":"ListItem","position":1,"name":"Home","item":"https:\/\/victor-sasportas.com\/"},{"@type":"ListItem","position":2,"name":"Biographie"}]},{"@type":"WebSite","@id":"https:\/\/victor-sasportas.com\/#website","url":"https:\/\/victor-sasportas.com\/","name":"VICTOR SASPORTAS","description":"Artiste Peintre Contemporain","potentialAction":[{"@type":"SearchAction","target":{"@type":"EntryPoint","urlTemplate":"https:\/\/victor-sasportas.com\/?s={search_term_string}"},"query-input":{"@type":"PropertyValueSpecification","valueRequired":true,"valueName":"search_term_string"}}],"inLanguage":"en-US"}]}},"_links":{"self":[{"href":"https:\/\/victor-sasportas.com\/index.php\/wp-json\/wp\/v2\/pages\/276","targetHints":{"allow":["GET"]}}],"collection":[{"href":"https:\/\/victor-sasportas.com\/index.php\/wp-json\/wp\/v2\/pages"}],"about":[{"href":"https:\/\/victor-sasportas.com\/index.php\/wp-json\/wp\/v2\/types\/page"}],"author":[{"embeddable":true,"href":"https:\/\/victor-sasportas.com\/index.php\/wp-json\/wp\/v2\/users\/1"}],"replies":[{"embeddable":true,"href":"https:\/\/victor-sasportas.com\/index.php\/wp-json\/wp\/v2\/comments?post=276"}],"version-history":[{"count":4,"href":"https:\/\/victor-sasportas.com\/index.php\/wp-json\/wp\/v2\/pages\/276\/revisions"}],"predecessor-version":[{"id":1193,"href":"https:\/\/victor-sasportas.com\/index.php\/wp-json\/wp\/v2\/pages\/276\/revisions\/1193"}],"wp:attachment":[{"href":"https:\/\/victor-sasportas.com\/index.php\/wp-json\/wp\/v2\/media?parent=276"}],"curies":[{"name":"wp","href":"https:\/\/api.w.org\/{rel}","templated":true}]}}